{"id":86,"date":"2017-10-18T20:03:58","date_gmt":"2017-10-18T20:03:58","guid":{"rendered":"http:\/\/www.teksima.com\/?page_id=71"},"modified":"2018-11-29T17:34:13","modified_gmt":"2018-11-29T17:34:13","slug":"konvansiyonel-bukum-makinalari","status":"publish","type":"page","link":"http:\/\/www.teksima.com\/?page_id=86&lang=tr","title":{"rendered":"Konvansiyonel B\u00fck\u00fcm Makinalar\u0131"},"content":{"rendered":"<p class=\"rtejustify\"><strong>TEKSiMA<\/strong> konvansiyonel ring b\u00fck\u00fcm makineleri pamuk, y\u00fcn, j\u00fct ve muhtelif sentetik iplikleri b\u00fckmek i\u00e7in elveri\u015flidir. Makinelerimizin b\u00fckt\u00fc\u011f\u00fc iplerin kal\u0131nl\u0131lar\u0131 300-90000 denye aras\u0131nda de\u011fi\u015febilmektedir. \u0130\u011f say\u0131s\u0131 ve bilezik \u00f6l\u00e7\u00fcleri m\u00fc\u015fteri isteklerine ve b\u00fck\u00fclecek ipin tipine g\u00f6re de\u011fi\u015febilmektedir. Makineler hem <strong>S<\/strong> hem de <strong>Z<\/strong> b\u00fc\u00fckm yapabilmektedir. Makinelerin b\u00fck\u00fcm ayar\u0131 elektronik olark kontrol edilmektedir.<\/p>\n<p>A\u015fa\u011f\u0131da farkl\u0131 konvansiyonel ring b\u00fck\u00fcm makinelerimizin videolar\u0131n\u0131 izleyebilirsiniz:<\/p>\n<p><iframe loading=\"lazy\" width=\"560\" height=\"315\" src=\"https:\/\/www.youtube.com\/embed\/PpRbZQkpokY?rel=0\" frameborder=\"0\" allow=\"autoplay; encrypted-media\" allowfullscreen><\/iframe><\/p>\n<p><iframe loading=\"lazy\" width=\"560\" height=\"315\" src=\"https:\/\/www.youtube.com\/embed\/JsbzZ_LWQcE?controls=0\" frameborder=\"0\" allow=\"accelerometer; autoplay; encrypted-media; gyroscope; picture-in-picture\" allowfullscreen><\/iframe><\/p>\n<p><iframe loading=\"lazy\" width=\"560\" height=\"315\" src=\"https:\/\/www.youtube.com\/embed\/u1UWVAeOcuM?rel=0\" frameborder=\"0\" allow=\"autoplay; encrypted-media\" allowfullscreen><\/iframe><\/p>\n<p><iframe loading=\"lazy\" width=\"560\" height=\"315\" src=\"https:\/\/www.youtube.com\/embed\/tPUy06fHnQ8?controls=0\" frameborder=\"0\" allow=\"accelerometer; autoplay; encrypted-media; gyroscope; picture-in-picture\" allowfullscreen><\/iframe><\/p>\n<p><iframe loading=\"lazy\" width=\"560\" height=\"315\" src=\"https:\/\/www.youtube.com\/embed\/g5-UZvS-5oM?rel=0\" frameborder=\"0\" allow=\"autoplay; encrypted-media\" allowfullscreen><\/iframe><\/p>\n<p><iframe loading=\"lazy\" width=\"560\" height=\"315\" src=\"https:\/\/www.youtube.com\/embed\/f4rRA4CNWtI?rel=0\" frameborder=\"0\" allow=\"autoplay; encrypted-media\" allowfullscreen><\/iframe><\/p>\n","protected":false},"excerpt":{"rendered":"<p>TEKSiMA konvansiyonel ring b\u00fck\u00fcm makineleri pamuk, y\u00fcn, j\u00fct ve muhtelif sentetik iplikleri b\u00fckmek i\u00e7in elveri\u015flidir. Makinelerimizin b\u00fckt\u00fc\u011f\u00fc iplerin kal\u0131nl\u0131lar\u0131 300-90000 denye aras\u0131nda de\u011fi\u015febilmektedir. \u0130\u011f say\u0131s\u0131 ve bilezik \u00f6l\u00e7\u00fcleri m\u00fc\u015fteri isteklerine ve b\u00fck\u00fclecek ipin tipine g\u00f6re de\u011fi\u015febilmektedir. Makineler hem S hem de Z b\u00fc\u00fckm yapabilmektedir. Makinelerin b\u00fck\u00fcm ayar\u0131 elektronik olark kontrol edilmektedir. A\u015fa\u011f\u0131da farkl\u0131 konvansiyonel ring [&hellip;]<\/p>\n","protected":false},"author":1,"featured_media":0,"parent":0,"menu_order":0,"comment_status":"closed","ping_status":"closed","template":"","meta":[],"_links":{"self":[{"href":"http:\/\/www.teksima.com\/index.php?rest_route=\/wp\/v2\/pages\/86"}],"collection":[{"href":"http:\/\/www.teksima.com\/index.php?rest_route=\/wp\/v2\/pages"}],"about":[{"href":"http:\/\/www.teksima.com\/index.php?rest_route=\/wp\/v2\/types\/page"}],"author":[{"embeddable":true,"href":"http:\/\/www.teksima.com\/index.php?rest_route=\/wp\/v2\/users\/1"}],"replies":[{"embeddable":true,"href":"http:\/\/www.teksima.com\/index.php?rest_route=%2Fwp%2Fv2%2Fcomments&post=86"}],"version-history":[{"count":4,"href":"http:\/\/www.teksima.com\/index.php?rest_route=\/wp\/v2\/pages\/86\/revisions"}],"predecessor-version":[{"id":279,"href":"http:\/\/www.teksima.com\/index.php?rest_route=\/wp\/v2\/pages\/86\/revisions\/279"}],"wp:attachment":[{"href":"http:\/\/www.teksima.com\/index.php?rest_route=%2Fwp%2Fv2%2Fmedia&parent=86"}],"curies":[{"name":"wp","href":"https:\/\/api.w.org\/{rel}","templated":true}]}}