{"id":84,"date":"2017-10-18T19:40:07","date_gmt":"2017-10-18T19:40:07","guid":{"rendered":"http:\/\/www.teksima.com\/?page_id=66"},"modified":"2017-10-18T19:40:07","modified_gmt":"2017-10-18T19:40:07","slug":"about-us","status":"publish","type":"page","link":"http:\/\/www.teksima.com\/?page_id=84","title":{"rendered":"About us"},"content":{"rendered":"<p>TEKSiMA is a family firm currenly being run by the fourth generation. The history of TEKSiMA begins in 1893 after H. Mehmet Emin Botsal\u0131 started a business in yarn trade sector. After Mehmet Emin Botsal\u0131 passed away in 1938, his sons Hasan and H\u00fcseyin Botsal\u0131 run the company between years 1938 and 1950. When both brothers lost their lives in 1950, M. \u0130smet Botsal\u0131, from the third generation, took over the business. \u0130smet Botsal\u0131 took the business further by bringing twisting machines from Europe. Between years 1970 and 1976 \u0130smet Botsal\u0131 run a yarn production plant and after 1980 he started to manufacture textile machines under the brand of TEKSiMA. Today, TEKSiMA is run by E. Serta\u00e7 Botsal\u0131, who is from the fourth generation.<\/p>\n","protected":false},"excerpt":{"rendered":"<p>TEKSiMA is a family firm currenly being run by the fourth generation. The history of TEKSiMA begins in 1893 after H. Mehmet Emin Botsal\u0131 started a business in yarn trade sector. After Mehmet Emin Botsal\u0131 passed away in 1938, his sons Hasan and H\u00fcseyin Botsal\u0131 run the company between years 1938 and 1950. When both [&hellip;]<\/p>\n","protected":false},"author":1,"featured_media":0,"parent":0,"menu_order":0,"comment_status":"closed","ping_status":"closed","template":"","meta":[],"_links":{"self":[{"href":"http:\/\/www.teksima.com\/index.php?rest_route=\/wp\/v2\/pages\/84"}],"collection":[{"href":"http:\/\/www.teksima.com\/index.php?rest_route=\/wp\/v2\/pages"}],"about":[{"href":"http:\/\/www.teksima.com\/index.php?rest_route=\/wp\/v2\/types\/page"}],"author":[{"embeddable":true,"href":"http:\/\/www.teksima.com\/index.php?rest_route=\/wp\/v2\/users\/1"}],"replies":[{"embeddable":true,"href":"http:\/\/www.teksima.com\/index.php?rest_route=%2Fwp%2Fv2%2Fcomments&post=84"}],"version-history":[{"count":0,"href":"http:\/\/www.teksima.com\/index.php?rest_route=\/wp\/v2\/pages\/84\/revisions"}],"wp:attachment":[{"href":"http:\/\/www.teksima.com\/index.php?rest_route=%2Fwp%2Fv2%2Fmedia&parent=84"}],"curies":[{"name":"wp","href":"https:\/\/api.w.org\/{rel}","templated":true}]}}