{"id":70,"date":"2017-10-18T19:29:35","date_gmt":"2017-10-18T19:29:35","guid":{"rendered":"http:\/\/www.teksima.com\/?page_id=43"},"modified":"2017-10-18T19:29:35","modified_gmt":"2017-10-18T19:29:35","slug":"yedek-parcalar","status":"publish","type":"page","link":"http:\/\/www.teksima.com\/?page_id=70&lang=tr","title":{"rendered":"Yedek Par\u00e7alar"},"content":{"rendered":"<p>TEKSiMA \u00fcretmi\u015f oldu\u011fu makinelerdeki t\u00fcm par\u00e7alar\u0131 m\u00fc\u015fterilerin ihtiyac\u0131 \u00fczerine tedarik etmektedir.<\/p>\n","protected":false},"excerpt":{"rendered":"<p>TEKSiMA \u00fcretmi\u015f oldu\u011fu makinelerdeki t\u00fcm par\u00e7alar\u0131 m\u00fc\u015fterilerin ihtiyac\u0131 \u00fczerine tedarik etmektedir.<\/p>\n","protected":false},"author":1,"featured_media":0,"parent":0,"menu_order":0,"comment_status":"closed","ping_status":"closed","template":"","meta":[],"_links":{"self":[{"href":"http:\/\/www.teksima.com\/index.php?rest_route=\/wp\/v2\/pages\/70"}],"collection":[{"href":"http:\/\/www.teksima.com\/index.php?rest_route=\/wp\/v2\/pages"}],"about":[{"href":"http:\/\/www.teksima.com\/index.php?rest_route=\/wp\/v2\/types\/page"}],"author":[{"embeddable":true,"href":"http:\/\/www.teksima.com\/index.php?rest_route=\/wp\/v2\/users\/1"}],"replies":[{"embeddable":true,"href":"http:\/\/www.teksima.com\/index.php?rest_route=%2Fwp%2Fv2%2Fcomments&post=70"}],"version-history":[{"count":0,"href":"http:\/\/www.teksima.com\/index.php?rest_route=\/wp\/v2\/pages\/70\/revisions"}],"wp:attachment":[{"href":"http:\/\/www.teksima.com\/index.php?rest_route=%2Fwp%2Fv2%2Fmedia&parent=70"}],"curies":[{"name":"wp","href":"https:\/\/api.w.org\/{rel}","templated":true}]}}