{"id":68,"date":"2017-10-18T19:29:13","date_gmt":"2017-10-18T19:29:13","guid":{"rendered":"http:\/\/www.teksima.com\/?page_id=41"},"modified":"2017-10-18T19:29:13","modified_gmt":"2017-10-18T19:29:13","slug":"ozel-siparis-makinelerimiz","status":"publish","type":"page","link":"http:\/\/www.teksima.com\/?page_id=68&lang=tr","title":{"rendered":"\u00d6zel Sipari\u015f Makinelerimiz"},"content":{"rendered":"<p>TEKSiMA alan\u0131nda y\u0131llar\u0131n getirdi\u011fi bir deneyimi sahiptir. Bu birikime ba\u011fl\u0131 olarak, TEKSiMA m\u00fc\u015fterilerinden gelen istek \u00fczerine b\u00fck\u00fcm makineleri d\u0131\u015f\u0131nda ip i\u015flemeye y\u00f6nelik farkl\u0131 makineler de \u00fcretmi\u015f ve \u00fcretmektedir. Bu makinelerin baz\u0131lar\u0131 a\u015fa\u011f\u0131da listelenmi\u015ftir:<\/p>\n<p>\u0130plik \u00dct\u00fc ve Esneklik Giderme Makinesi (Bilimum sentetik ipleri \u00fct\u00fcleme ve esneklik giderme \u00f6zelli\u011fine sahiptir. 24-32-40 i\u011fden olu\u015fmaktad\u0131r).<br \/>\n\u0130plik Aktarma Makinesi<br \/>\nKordon-lateks makinesi (\u0130pli\u011fi mumlama-re\u00e7ineleme \u00f6zelli\u011fine sahiptir.)<br \/>\nKatlama makinesi<br \/>\n\u015eardon makinesi<\/p>\n","protected":false},"excerpt":{"rendered":"<p>TEKSiMA alan\u0131nda y\u0131llar\u0131n getirdi\u011fi bir deneyimi sahiptir. Bu birikime ba\u011fl\u0131 olarak, TEKSiMA m\u00fc\u015fterilerinden gelen istek \u00fczerine b\u00fck\u00fcm makineleri d\u0131\u015f\u0131nda ip i\u015flemeye y\u00f6nelik farkl\u0131 makineler de \u00fcretmi\u015f ve \u00fcretmektedir. Bu makinelerin baz\u0131lar\u0131 a\u015fa\u011f\u0131da listelenmi\u015ftir: \u0130plik \u00dct\u00fc ve Esneklik Giderme Makinesi (Bilimum sentetik ipleri \u00fct\u00fcleme ve esneklik giderme \u00f6zelli\u011fine sahiptir. 24-32-40 i\u011fden olu\u015fmaktad\u0131r). \u0130plik Aktarma Makinesi Kordon-lateks [&hellip;]<\/p>\n","protected":false},"author":1,"featured_media":0,"parent":0,"menu_order":0,"comment_status":"closed","ping_status":"closed","template":"","meta":[],"_links":{"self":[{"href":"http:\/\/www.teksima.com\/index.php?rest_route=\/wp\/v2\/pages\/68"}],"collection":[{"href":"http:\/\/www.teksima.com\/index.php?rest_route=\/wp\/v2\/pages"}],"about":[{"href":"http:\/\/www.teksima.com\/index.php?rest_route=\/wp\/v2\/types\/page"}],"author":[{"embeddable":true,"href":"http:\/\/www.teksima.com\/index.php?rest_route=\/wp\/v2\/users\/1"}],"replies":[{"embeddable":true,"href":"http:\/\/www.teksima.com\/index.php?rest_route=%2Fwp%2Fv2%2Fcomments&post=68"}],"version-history":[{"count":0,"href":"http:\/\/www.teksima.com\/index.php?rest_route=\/wp\/v2\/pages\/68\/revisions"}],"wp:attachment":[{"href":"http:\/\/www.teksima.com\/index.php?rest_route=%2Fwp%2Fv2%2Fmedia&parent=68"}],"curies":[{"name":"wp","href":"https:\/\/api.w.org\/{rel}","templated":true}]}}