{"id":64,"date":"2017-10-18T19:58:30","date_gmt":"2017-10-18T19:58:30","guid":{"rendered":"http:\/\/www.teksima.com\/?page_id=36"},"modified":"2018-12-01T22:45:36","modified_gmt":"2018-12-01T22:45:36","slug":"cift-bukum-double-twist-bukum-makinesi","status":"publish","type":"page","link":"http:\/\/www.teksima.com\/?page_id=64&lang=tr","title":{"rendered":"&#8216;S\/Z&#8217; (Double Twist) B\u00fck\u00fcm Makinesi"},"content":{"rendered":"<p>TEKSiMA &#8220;\u00c7ift B\u00fck\u00fcm&#8221; (Double Twist) b\u00fck\u00fcm makinesi ayn\u0131 anda S ve Z b\u00fck\u00fcm yapma imkan\u0131na sahiptir. \u0130ste\u011fe ba\u011fl\u0131 olarak PLC kontrol\u00fc ve dokunmatikekranl\u0131 kumanda paneli eklenebilir. Makinemiz 210&#215;2 ila 3000&#215;3 denye aras\u0131 naylon, polyester ve bilimum sentetik ipleri S ve Z b\u00fckebilir. \u0130\u011f adetleri 32&#8217;ye kadar \u00e7\u0131kabilir. Standart bilezik \u00e7aplar\u0131 90-112-140-160-185mm&#8217;dir. Her bir i\u011f i\u00e7in yukar\u0131da 3 tane ayr\u0131 d\u00f6nen kova olup 3 kat ipi S\/Z olarak b\u00fckebilir.<\/p>\n<p>A\u015fa\u011f\u0131da dokunmatik paneli olan bir Double Twist makinemizin videosunu g\u00f6rebilirsiniz.<\/p>\n<p><iframe loading=\"lazy\" src=\"https:\/\/www.youtube.com\/embed\/h7Pa2QAhlRo?rel=0\" width=\"560\" height=\"315\" frameborder=\"0\" allowfullscreen=\"allowfullscreen\"><\/iframe><\/p>\n<p><iframe loading=\"lazy\" src=\"https:\/\/www.youtube.com\/embed\/aefo3Z5N1i4?rel=0\" width=\"560\" height=\"315\" frameborder=\"0\" allowfullscreen=\"allowfullscreen\"><\/iframe><\/p>\n<p>A\u015fa\u011f\u0131daki videoda ise Double Twist makinesinin \u00fcst kovalar\u0131nda bulunan makaralara ip sarmak i\u00e7in kullan\u0131lan aktarma\/katlama makinesinin \u00e7al\u0131\u015fmas\u0131 g\u00f6sterilmektedir.<\/p>\n<p><iframe loading=\"lazy\" src=\"https:\/\/www.youtube.com\/embed\/waGeAiCwnVE?rel=0\" width=\"560\" height=\"315\" frameborder=\"0\" allowfullscreen=\"allowfullscreen\"><\/iframe><\/p>\n","protected":false},"excerpt":{"rendered":"<p>TEKSiMA &#8220;\u00c7ift B\u00fck\u00fcm&#8221; (Double Twist) b\u00fck\u00fcm makinesi ayn\u0131 anda S ve Z b\u00fck\u00fcm yapma imkan\u0131na sahiptir. \u0130ste\u011fe ba\u011fl\u0131 olarak PLC kontrol\u00fc ve dokunmatikekranl\u0131 kumanda paneli eklenebilir. Makinemiz 210&#215;2 ila 3000&#215;3 denye aras\u0131 naylon, polyester ve bilimum sentetik ipleri S ve Z b\u00fckebilir. \u0130\u011f adetleri 32&#8217;ye kadar \u00e7\u0131kabilir. Standart bilezik \u00e7aplar\u0131 90-112-140-160-185mm&#8217;dir. Her bir i\u011f i\u00e7in [&hellip;]<\/p>\n","protected":false},"author":1,"featured_media":0,"parent":0,"menu_order":0,"comment_status":"closed","ping_status":"closed","template":"","meta":[],"_links":{"self":[{"href":"http:\/\/www.teksima.com\/index.php?rest_route=\/wp\/v2\/pages\/64"}],"collection":[{"href":"http:\/\/www.teksima.com\/index.php?rest_route=\/wp\/v2\/pages"}],"about":[{"href":"http:\/\/www.teksima.com\/index.php?rest_route=\/wp\/v2\/types\/page"}],"author":[{"embeddable":true,"href":"http:\/\/www.teksima.com\/index.php?rest_route=\/wp\/v2\/users\/1"}],"replies":[{"embeddable":true,"href":"http:\/\/www.teksima.com\/index.php?rest_route=%2Fwp%2Fv2%2Fcomments&post=64"}],"version-history":[{"count":4,"href":"http:\/\/www.teksima.com\/index.php?rest_route=\/wp\/v2\/pages\/64\/revisions"}],"predecessor-version":[{"id":347,"href":"http:\/\/www.teksima.com\/index.php?rest_route=\/wp\/v2\/pages\/64\/revisions\/347"}],"wp:attachment":[{"href":"http:\/\/www.teksima.com\/index.php?rest_route=%2Fwp%2Fv2%2Fmedia&parent=64"}],"curies":[{"name":"wp","href":"https:\/\/api.w.org\/{rel}","templated":true}]}}