{"id":60,"date":"2017-10-18T19:18:19","date_gmt":"2017-10-18T19:18:19","guid":{"rendered":"http:\/\/www.teksima.com\/?page_id=31"},"modified":"2018-08-08T16:16:05","modified_gmt":"2018-08-08T16:16:05","slug":"fantazi-iplik-bukum-makinelerimiz","status":"publish","type":"page","link":"http:\/\/www.teksima.com\/?page_id=60&lang=tr","title":{"rendered":"Fantazi \u0130plik B\u00fck\u00fcm Makinelerimiz"},"content":{"rendered":"<p>TEKSiMA Fantazi \u0130plik B\u00fck\u00fcm Makineleri elektronik kontroll\u00fc olarak akrilik elyaf ve iplikleri fantazi iplik olarak b\u00fckmektedir. \u0130\u011f say\u0131s\u0131 iste\u011fe g\u00f6re de\u011fi\u015fmektedir.<\/p>\n<p><a href=\"http:\/\/teksima.site\/wp-content\/uploads\/2018\/08\/fantazi-iplik-b\u00fck\u00fcm-makinesi-1.jpg\"><img loading=\"lazy\" class=\"wp-image-229 aligncenter\" src=\"http:\/\/teksima.site\/wp-content\/uploads\/2018\/08\/fantazi-iplik-b\u00fck\u00fcm-makinesi-1-300x260.jpg\" alt=\"\" width=\"374\" height=\"324\" srcset=\"http:\/\/www.teksima.com\/wp-content\/uploads\/2018\/08\/fantazi-iplik-b\u00fck\u00fcm-makinesi-1-300x260.jpg 300w, http:\/\/www.teksima.com\/wp-content\/uploads\/2018\/08\/fantazi-iplik-b\u00fck\u00fcm-makinesi-1-768x665.jpg 768w, http:\/\/www.teksima.com\/wp-content\/uploads\/2018\/08\/fantazi-iplik-b\u00fck\u00fcm-makinesi-1-1024x886.jpg 1024w, http:\/\/www.teksima.com\/wp-content\/uploads\/2018\/08\/fantazi-iplik-b\u00fck\u00fcm-makinesi-1.jpg 1485w\" sizes=\"(max-width: 374px) 100vw, 374px\" \/><\/a><\/p>\n","protected":false},"excerpt":{"rendered":"<p>TEKSiMA Fantazi \u0130plik B\u00fck\u00fcm Makineleri elektronik kontroll\u00fc olarak akrilik elyaf ve iplikleri fantazi iplik olarak b\u00fckmektedir. \u0130\u011f say\u0131s\u0131 iste\u011fe g\u00f6re de\u011fi\u015fmektedir.<\/p>\n","protected":false},"author":1,"featured_media":0,"parent":0,"menu_order":0,"comment_status":"closed","ping_status":"closed","template":"","meta":[],"_links":{"self":[{"href":"http:\/\/www.teksima.com\/index.php?rest_route=\/wp\/v2\/pages\/60"}],"collection":[{"href":"http:\/\/www.teksima.com\/index.php?rest_route=\/wp\/v2\/pages"}],"about":[{"href":"http:\/\/www.teksima.com\/index.php?rest_route=\/wp\/v2\/types\/page"}],"author":[{"embeddable":true,"href":"http:\/\/www.teksima.com\/index.php?rest_route=\/wp\/v2\/users\/1"}],"replies":[{"embeddable":true,"href":"http:\/\/www.teksima.com\/index.php?rest_route=%2Fwp%2Fv2%2Fcomments&post=60"}],"version-history":[{"count":2,"href":"http:\/\/www.teksima.com\/index.php?rest_route=\/wp\/v2\/pages\/60\/revisions"}],"predecessor-version":[{"id":231,"href":"http:\/\/www.teksima.com\/index.php?rest_route=\/wp\/v2\/pages\/60\/revisions\/231"}],"wp:attachment":[{"href":"http:\/\/www.teksima.com\/index.php?rest_route=%2Fwp%2Fv2%2Fmedia&parent=60"}],"curies":[{"name":"wp","href":"https:\/\/api.w.org\/{rel}","templated":true}]}}