{"id":26,"date":"2018-06-21T15:43:48","date_gmt":"2018-06-21T15:43:48","guid":{"rendered":"http:\/\/teksima.site\/?page_id=26"},"modified":"2018-11-29T07:07:22","modified_gmt":"2018-11-29T07:07:22","slug":"ayakkabi-bagcigi-mumlama-makinesi","status":"publish","type":"page","link":"http:\/\/www.teksima.com\/?page_id=26&lang=tr","title":{"rendered":"Ayakkab\u0131 Ba\u011fc\u0131\u011f\u0131 Mumlama Makinesi"},"content":{"rendered":"<p>Mumlama makinesi istenen ipli\u011fi\/ayakkab\u0131 ba\u011fc\u0131\u011f\u0131n\u0131 mum ya da ba\u015fka kaplama materyalleri ile kaplay\u0131p ipe sertlik ve parlakl\u0131k vermek i\u00e7in kullan\u0131lmaktad\u0131r. Makinelerin \u00fcretim h\u0131z\u0131 mumlama kalitesi ve makine tipine g\u00f6re dakikada 5-20m aras\u0131nda de\u011fi\u015febilmektedir. Makine h\u0131z\u0131 s\u00fcr\u00fcc\u00fc ile kontrol edilmekte olup iste\u011fe g\u00f6re art\u0131r\u0131l\u0131p azalt\u0131labilmektedir. \u0130ste\u011fe ba\u011fl\u0131 olarak makinelere ip kopma sens\u00f6r\u00fc ve dokunmatik ekran eklenebilmektedir.Makinelerimiz daha \u00e7ok etiket \u00fcreticileri ve ayakkab\u0131 ba\u011fc\u0131\u011f\u0131 \u00fcreticileri taraf\u0131ndan kullan\u0131lmaktad\u0131r. \u00dcretti\u011fimiz iki farkl\u0131 tip makineye ait videolar a\u015fa\u011f\u0131da seyredilebilir:<\/p>\n<p><iframe loading=\"lazy\" width=\"560\" height=\"315\" src=\"https:\/\/www.youtube.com\/embed\/FE17tH7MtI0?rel=0&amp;controls=0\" frameborder=\"0\" allow=\"autoplay; encrypted-media\" allowfullscreen><\/iframe><\/p>\n<p><iframe loading=\"lazy\" width=\"560\" height=\"315\" src=\"https:\/\/www.youtube.com\/embed\/XS7xd_PjFXs?rel=0&amp;controls=0\" frameborder=\"0\" allow=\"autoplay; encrypted-media\" allowfullscreen><\/iframe><\/p>\n<p><iframe loading=\"lazy\" width=\"560\" height=\"315\" src=\"https:\/\/www.youtube.com\/embed\/H9qdbrwgLCw?rel=0&amp;controls=0\" frameborder=\"0\" allow=\"autoplay; encrypted-media\" allowfullscreen><\/iframe><\/p>\n","protected":false},"excerpt":{"rendered":"<p>Mumlama makinesi istenen ipli\u011fi\/ayakkab\u0131 ba\u011fc\u0131\u011f\u0131n\u0131 mum ya da ba\u015fka kaplama materyalleri ile kaplay\u0131p ipe sertlik ve parlakl\u0131k vermek i\u00e7in kullan\u0131lmaktad\u0131r. Makinelerin \u00fcretim h\u0131z\u0131 mumlama kalitesi ve makine tipine g\u00f6re dakikada 5-20m aras\u0131nda de\u011fi\u015febilmektedir. Makine h\u0131z\u0131 s\u00fcr\u00fcc\u00fc ile kontrol edilmekte olup iste\u011fe g\u00f6re art\u0131r\u0131l\u0131p azalt\u0131labilmektedir. \u0130ste\u011fe ba\u011fl\u0131 olarak makinelere ip kopma sens\u00f6r\u00fc ve dokunmatik ekran eklenebilmektedir.Makinelerimiz [&hellip;]<\/p>\n","protected":false},"author":1,"featured_media":0,"parent":0,"menu_order":0,"comment_status":"closed","ping_status":"closed","template":"","meta":[],"_links":{"self":[{"href":"http:\/\/www.teksima.com\/index.php?rest_route=\/wp\/v2\/pages\/26"}],"collection":[{"href":"http:\/\/www.teksima.com\/index.php?rest_route=\/wp\/v2\/pages"}],"about":[{"href":"http:\/\/www.teksima.com\/index.php?rest_route=\/wp\/v2\/types\/page"}],"author":[{"embeddable":true,"href":"http:\/\/www.teksima.com\/index.php?rest_route=\/wp\/v2\/users\/1"}],"replies":[{"embeddable":true,"href":"http:\/\/www.teksima.com\/index.php?rest_route=%2Fwp%2Fv2%2Fcomments&post=26"}],"version-history":[{"count":3,"href":"http:\/\/www.teksima.com\/index.php?rest_route=\/wp\/v2\/pages\/26\/revisions"}],"predecessor-version":[{"id":257,"href":"http:\/\/www.teksima.com\/index.php?rest_route=\/wp\/v2\/pages\/26\/revisions\/257"}],"wp:attachment":[{"href":"http:\/\/www.teksima.com\/index.php?rest_route=%2Fwp%2Fv2%2Fmedia&parent=26"}],"curies":[{"name":"wp","href":"https:\/\/api.w.org\/{rel}","templated":true}]}}