{"id":143,"date":"2018-06-24T14:08:00","date_gmt":"2018-06-24T14:08:00","guid":{"rendered":"http:\/\/teksima.site\/?page_id=143"},"modified":"2018-11-29T07:23:03","modified_gmt":"2018-11-29T07:23:03","slug":"polipopilen-ekstruzyon-hatti","status":"publish","type":"page","link":"http:\/\/www.teksima.com\/?page_id=143&lang=tr","title":{"rendered":"Polipropilen Ekstr\u00fczyon Hatt\u0131"},"content":{"rendered":"<p>TEKS\u0130MA Tekstil Makina Sanayi olarak \u00fcretti\u011fimiz polipopilen ip \u00e7ekim tesislerinin saatlik kapasitesi 50kg\/saat ile 150 kg\/saat aras\u0131nda de\u011fi\u015fmektedir. \u00c7ekim hatt\u0131n\u0131n temel komponentleri a\u015fa\u011f\u0131da s\u0131ralanm\u0131\u015ft\u0131r:<\/p>\n<li>Ekstr\u00fczyon \u00fcnitesi ve kumanda paneli<\/li>\n<li>So\u011futma tank\u0131<\/li>\n<li>Birinci \u00e7ekim silindirleri<\/li>\n<li>F\u0131r\u0131n<\/li>\n<li>Fibrilize \u00fcnitesi<\/li>\n<li>\u0130kinci \u00e7ekim silindirleri<\/li>\n<li>Sar\u0131c\u0131lar (Bobinvars)<\/li>\n<li>B\u00fck\u00fcm makineleri<\/li>\n<\/ol>\n<p>&nbsp;<br \/>\n<iframe loading=\"lazy\" width=\"560\" height=\"315\" src=\"https:\/\/www.youtube.com\/embed\/DWQiI03NYPY?rel=0\" frameborder=\"0\" allow=\"autoplay; encrypted-media\" allowfullscreen><\/iframe><\/p>\n","protected":false},"excerpt":{"rendered":"<p>TEKS\u0130MA Tekstil Makina Sanayi olarak \u00fcretti\u011fimiz polipopilen ip \u00e7ekim tesislerinin saatlik kapasitesi 50kg\/saat ile 150 kg\/saat aras\u0131nda de\u011fi\u015fmektedir. \u00c7ekim hatt\u0131n\u0131n temel komponentleri a\u015fa\u011f\u0131da s\u0131ralanm\u0131\u015ft\u0131r: Ekstr\u00fczyon \u00fcnitesi ve kumanda paneli So\u011futma tank\u0131 Birinci \u00e7ekim silindirleri F\u0131r\u0131n Fibrilize \u00fcnitesi \u0130kinci \u00e7ekim silindirleri Sar\u0131c\u0131lar (Bobinvars) B\u00fck\u00fcm makineleri &nbsp;<\/p>\n","protected":false},"author":1,"featured_media":0,"parent":0,"menu_order":0,"comment_status":"closed","ping_status":"closed","template":"","meta":[],"_links":{"self":[{"href":"http:\/\/www.teksima.com\/index.php?rest_route=\/wp\/v2\/pages\/143"}],"collection":[{"href":"http:\/\/www.teksima.com\/index.php?rest_route=\/wp\/v2\/pages"}],"about":[{"href":"http:\/\/www.teksima.com\/index.php?rest_route=\/wp\/v2\/types\/page"}],"author":[{"embeddable":true,"href":"http:\/\/www.teksima.com\/index.php?rest_route=\/wp\/v2\/users\/1"}],"replies":[{"embeddable":true,"href":"http:\/\/www.teksima.com\/index.php?rest_route=%2Fwp%2Fv2%2Fcomments&post=143"}],"version-history":[{"count":5,"href":"http:\/\/www.teksima.com\/index.php?rest_route=\/wp\/v2\/pages\/143\/revisions"}],"predecessor-version":[{"id":339,"href":"http:\/\/www.teksima.com\/index.php?rest_route=\/wp\/v2\/pages\/143\/revisions\/339"}],"wp:attachment":[{"href":"http:\/\/www.teksima.com\/index.php?rest_route=%2Fwp%2Fv2%2Fmedia&parent=143"}],"curies":[{"name":"wp","href":"https:\/\/api.w.org\/{rel}","templated":true}]}}