{"id":140,"date":"2018-06-24T14:08:00","date_gmt":"2018-06-24T14:08:00","guid":{"rendered":"http:\/\/teksima.site\/?page_id=140"},"modified":"2018-11-29T07:18:36","modified_gmt":"2018-11-29T07:18:36","slug":"iletisim","status":"publish","type":"page","link":"http:\/\/www.teksima.com\/?page_id=140&lang=tr","title":{"rendered":"\u0130LET\u0130\u015e\u0130M"},"content":{"rendered":"<p><strong>TEKS\u0130MA TEKST\u0130L MAK\u0130NA SANAY\u0130<\/strong><br \/>\n1. Organize Sanayi B\u00f6lgesi Yerlisu Sk. No. 17<br \/>\n42110 Sel\u00e7uklu Konya\/TURKEY<br \/>\nTel: +90 &#8211; 332 2489449<br \/>\nFaks: +90 &#8211; 332 2489449<br \/>\nWhatsApp: +90 &#8211; 506 5590565<\/p>\n<p><iframe loading=\"lazy\" style=\"border: 0;\" src=\"https:\/\/www.google.com\/maps\/embed?pb=!1m18!1m12!1m3!1d3147.4652889957083!2d32.50812095030155!3d37.91955921149082!2m3!1f0!2f0!3f0!3m2!1i1024!2i768!4f13.1!3m3!1m2!1s0x14d08fbeb7f55af7%3A0xe0c70dc6e11a8612!2sTeksima+Tekstil+Makina+Sanayii!5e0!3m2!1sen!2str!4v1535149748993\" width=\"600\" height=\"450\" frameborder=\"0\" allowfullscreen=\"allowfullscreen\"><\/iframe><\/p>\n","protected":false},"excerpt":{"rendered":"<p>TEKS\u0130MA TEKST\u0130L MAK\u0130NA SANAY\u0130 1. Organize Sanayi B\u00f6lgesi Yerlisu Sk. No. 17 42110 Sel\u00e7uklu Konya\/TURKEY Tel: +90 &#8211; 332 2489449 Faks: +90 &#8211; 332 2489449 WhatsApp: +90 &#8211; 506 5590565<\/p>\n","protected":false},"author":1,"featured_media":0,"parent":0,"menu_order":0,"comment_status":"closed","ping_status":"closed","template":"","meta":[],"_links":{"self":[{"href":"http:\/\/www.teksima.com\/index.php?rest_route=\/wp\/v2\/pages\/140"}],"collection":[{"href":"http:\/\/www.teksima.com\/index.php?rest_route=\/wp\/v2\/pages"}],"about":[{"href":"http:\/\/www.teksima.com\/index.php?rest_route=\/wp\/v2\/types\/page"}],"author":[{"embeddable":true,"href":"http:\/\/www.teksima.com\/index.php?rest_route=\/wp\/v2\/users\/1"}],"replies":[{"embeddable":true,"href":"http:\/\/www.teksima.com\/index.php?rest_route=%2Fwp%2Fv2%2Fcomments&post=140"}],"version-history":[{"count":8,"href":"http:\/\/www.teksima.com\/index.php?rest_route=\/wp\/v2\/pages\/140\/revisions"}],"predecessor-version":[{"id":337,"href":"http:\/\/www.teksima.com\/index.php?rest_route=\/wp\/v2\/pages\/140\/revisions\/337"}],"wp:attachment":[{"href":"http:\/\/www.teksima.com\/index.php?rest_route=%2Fwp%2Fv2%2Fmedia&parent=140"}],"curies":[{"name":"wp","href":"https:\/\/api.w.org\/{rel}","templated":true}]}}